{"id":2,"date":"2020-04-18T09:35:32","date_gmt":"2020-04-18T09:35:32","guid":{"rendered":"https:\/\/autoeines.com\/?page_id=2"},"modified":"2026-02-15T10:47:03","modified_gmt":"2026-02-15T10:47:03","slug":"sample-page","status":"publish","type":"page","link":"https:\/\/autoeines.com\/index.php\/sample-page\/","title":{"rendered":"Qui som:"},"content":{"rendered":"\n<p>   Auto eines \u00e9s una empresa d&#8217;importaci\u00f3 i venda d&#8217;eines, utillatges i   consumibles de taller desde 1991.<\/p>\n\n\n\n<pre class=\"wp-block-preformatted\">La nostra prioritat sempre ha estat oferir als nostres clients el millor assessorament i servei, les millors eines i novetats de mercat al millor preu, i aix\u00f2 \u00faltim ho hem aconseguit treballant directament amb els millors fabricants i importadors del mercat nacional i internacional.<br><br>Avui, a 2.026 i despr\u00e9s de 36 anys d'experi\u00e8ncia i m\u00e9s de 3.800 clients <br>satisfets que ens avalen, ens complau fer extensius els nostres productes i <br>experi\u00e8ncia en el sector, conven\u00e7uts que trobaran en nosaltres a la seva <br>empresa de refer\u00e8ncia en la compra d'eines, utillatges i consumibles per al <br>professional de taller.<br><br>Moltes gr\u00e0cies.<\/pre>\n\n\n\n<pre class=\"wp-block-preformatted\"><\/pre>\n\n\n\n<pre class=\"wp-block-preformatted\"><\/pre>\n\n\n\n<p><\/p>\n\n\n\n<p><\/p>\n\n\n\n<p><\/p>\n","protected":false},"excerpt":{"rendered":"<p>Auto eines \u00e9s una empresa d&#8217;importaci\u00f3 i venda d&#8217;eines, utillatges i consumibles de taller desde 1991. La nostra prioritat sempre ha estat oferir als nostres clients el millor assessorament i servei, les millors eines i novetats de mercat al millor preu, i aix\u00f2 \u00faltim ho hem aconseguit treballant directament amb els millors fabricants i importadors&#8230; <\/p>\n<div class=\"read-more navbutton\"><a href=\"https:\/\/autoeines.com\/index.php\/sample-page\/\">Leer m\u00e1s<i class=\"fa fa-angle-double-right\"><\/i><\/a><\/div>\n","protected":false},"author":1,"featured_media":0,"parent":0,"menu_order":0,"comment_status":"closed","ping_status":"open","template":"","meta":{"footnotes":""},"class_list":["post-2","page","type-page","status-publish","hentry"],"jetpack_sharing_enabled":true,"_links":{"self":[{"href":"https:\/\/autoeines.com\/index.php\/wp-json\/wp\/v2\/pages\/2","targetHints":{"allow":["GET"]}}],"collection":[{"href":"https:\/\/autoeines.com\/index.php\/wp-json\/wp\/v2\/pages"}],"about":[{"href":"https:\/\/autoeines.com\/index.php\/wp-json\/wp\/v2\/types\/page"}],"author":[{"embeddable":true,"href":"https:\/\/autoeines.com\/index.php\/wp-json\/wp\/v2\/users\/1"}],"replies":[{"embeddable":true,"href":"https:\/\/autoeines.com\/index.php\/wp-json\/wp\/v2\/comments?post=2"}],"version-history":[{"count":32,"href":"https:\/\/autoeines.com\/index.php\/wp-json\/wp\/v2\/pages\/2\/revisions"}],"predecessor-version":[{"id":519,"href":"https:\/\/autoeines.com\/index.php\/wp-json\/wp\/v2\/pages\/2\/revisions\/519"}],"wp:attachment":[{"href":"https:\/\/autoeines.com\/index.php\/wp-json\/wp\/v2\/media?parent=2"}],"curies":[{"name":"wp","href":"https:\/\/api.w.org\/{rel}","templated":true}]}}