{"id":3,"date":"2020-04-18T09:35:32","date_gmt":"2020-04-18T09:35:32","guid":{"rendered":"https:\/\/autoeines.com\/?page_id=3"},"modified":"2020-04-22T15:01:46","modified_gmt":"2020-04-22T15:01:46","slug":"privacy-policy","status":"publish","type":"page","link":"https:\/\/autoeines.com\/index.php\/privacy-policy\/","title":{"rendered":"Pol\u00edtica de Privacitat"},"content":{"rendered":"\n<p><strong>Seg\u00fan la Ley Org\u00e1nica 15\/1999 de 13 de diciembre de Protecci\u00f3n de Datos de car\u00e1cter personal, Autoeines.com (X.Pont Segura) informa que los datos personales facilitados de forma voluntaria al cumplimentar este formulario quedar\u00e1n incorporados de forma confidencial en la base de datos de Autoeines.com (X.Pont Segura) (a partir de ahora, \u00abAutoeines.com Web\u00bb). Cualquier env\u00edo de informaci\u00f3n sobre servicios o productos que pudiesen ser de su inter\u00e9s, respetando, en todo caso, la legislaci\u00f3n espa\u00f1ola sobre protecci\u00f3n de datos, ser\u00e1 previo a su consentimiento. En el supuesto que&nbsp;\u00abTallher.comWeb\u00bb prevea ceder sus datos personales a terceros, obtendr\u00e1 previamente su consentimiento inform\u00e1ndole de la finalidad a que se destinar\u00e1n dichos datos. Podr\u00e1 ejercer sus derechos de acceso, modificaci\u00f3n, cancelaci\u00f3n y oposici\u00f3n mediante petici\u00f3n escrita dirigida a:<\/strong><\/p>\n\n\n\n<p><strong>Autoeines.com (X.Pont Segura))<\/strong><\/p>\n\n\n\n<ul class=\"wp-block-list\"><li>C\/ T. Brians\u00f3 Sol\u00e9<\/li><li>T\u00e0rrega &#8211; C.P. 25300 (Lleida &#8211; Spain)<\/li><li>NIF: 78079902P<\/li><\/ul>\n\n\n\n<p><strong>O mediante correo electr\u00f3nico dirigi\u00e9ndose a<\/strong> info@tallher.com<\/p>\n\n\n\n<p><strong><u>INTRODUCCI\u00d3N<\/u><\/strong><br><br><strong>Tallher.com Web<\/strong>&nbsp;considera como objetivo b\u00e1sico garantizar la privacidad de los datos de car\u00e1cter personal de sus Usuarios recabados a trav\u00e9s de cualesquier sistema que permita la transmisi\u00f3n de datos (en adelante, los \u00abDatos de Car\u00e1cter Personal\u00bb). Con el objeto de asegurar tal objetivo y de proteger su intimidad y privacidad, hemos redactado la presente pol\u00edtica de privacidad (en adelante, la \u00abPol\u00edtica\u00bb), en la cual, ponemos de manifiesto y nos comprometemos a garantizar las exigencias legales estipuladas en la legislaci\u00f3n y reglamentaci\u00f3n que sea de aplicaci\u00f3n en la materia. La presente Pol\u00edtica trata las siguientes cuestiones:<\/p>\n\n\n\n<ul class=\"wp-block-list\"><li>Titularidad del usuario<\/li><li>Recogida y Tratamiento<\/li><li>Utilizaci\u00f3n de Cookies<\/li><li>Links<\/li><li>Cesi\u00f3n y\/o Comunicaci\u00f3n de Informaci\u00f3n<\/li><li>Servicios de promoci\u00f3n de productos y servicios en site<\/li><li>Medidas de Seguridad<\/li><li>Ejercicio de los derechos de acceso, modificaci\u00f3n y rectificaci\u00f3n<\/li><li>Opciones personales<\/li><li>Cambio de normativa<\/li><\/ul>\n\n\n\n<p>As\u00ed pues, y en cumplimiento de la Ley 15\/1999, de diciembre, de Protecci\u00f3n de Datos de Car\u00e1cter Personal, y en concreto de conformidad con su art\u00edculo 5, por el que se regula el derecho de informaci\u00f3n en la recogida de los datos, por medio del presente documento,&nbsp;<strong>Tallher.com Web<\/strong> le advierte de los siguientes extremos:<br><br><strong>1. TITULARIDAD DEL FICHERO<\/strong><br>Tallher.com Web (Autoeines.com (X.Pont Segura)), sociedad de nacionalidad espa\u00f1ola con domicilio en T\u00e0rrega (Lleida),&nbsp;C\/T.Brianso Sol\u00e9 25300&nbsp;LLEIDA y con N.I.F. 78079902P, es la entidad titular del fichero al que se incorporan sus Datos de Car\u00e1cter Personal, as\u00ed como la responsable del tratamiento de los mismos.<br><br><strong>2. RECOGIDA Y TRATAMIENTO<\/strong><br>Datos de Car\u00e1cter Personal.&nbsp;Tallher.com Web podr\u00e1 requerirle a trav\u00e9s de formularios en-l\u00ednea Datos de Car\u00e1cter Personal. Entre los Datos de Car\u00e1cter Personal que, en funci\u00f3n de cada caso, podremos pedirle que nos sean facilitados figuran, los siguientes:<\/p>\n\n\n\n<ul class=\"wp-block-list\"><li>Nombre y Apellidos o Datos fiscales<\/li><li>Edad<\/li><li>Direcci\u00f3n<\/li><li>Sexo<\/li><li>Correo electr\u00f3nico<\/li><li>Datos relativos a sus tarjetas de cr\u00e9dito o d\u00e9bito<\/li><li>N\u00famero de tel\u00e9fono<\/li><\/ul>\n\n\n\n<p>Los Datos de Car\u00e1cter Personal se incorporar\u00e1n a un fichero automatizado que podr\u00e1 estar ubicado dentro de la Uni\u00f3n Europea o en los Estados Unidos de Am\u00e9rica y que cumplir\u00e1 con las exigencias de la legislaci\u00f3n vigente aplicable en Espa\u00f1a (en adelante, el \u00abFichero de Datos de Car\u00e1cter Personal\u00bb). La existencia y caracter\u00edsticas del Fichero de Datos de Car\u00e1cter Personal ha sido comunicada a la Agencia de Protecci\u00f3n de Datos. Finalidad. Los Datos de Car\u00e1cter Personal ser\u00e1n objeto de tratamiento automatizado por parte de Tallher.com Web. La finalidad de la recogida y tratamiento automatizado de los Datos de Car\u00e1cter Personal consiste en:<\/p>\n\n\n\n<ul class=\"wp-block-list\"><li>La ejecuci\u00f3n y el mantenimiento de cualesquiera relaciones contractuales que pudieran mantener&nbsp;Tallher.com Web y el Usuario y\/o, en su caso, la ejecuci\u00f3n, gesti\u00f3n, administraci\u00f3n, prestaci\u00f3n, ampliaci\u00f3n y mejora de los servicios de&nbsp;Tallher.com Web&nbsp;que fuesen solicitados por estos. La adecuaci\u00f3n de dichos servicios a las preferencias y gustos de los Usuarios, el dise\u00f1o de nuevos servicios relacionados con los mismos y el env\u00edo de actualizaciones.<\/li><li>El env\u00edo, por medios tradicionales y\/o electr\u00f3nicos, de informaci\u00f3n t\u00e9cnica, operativa, publicitaria, promocional o auto promocional de productos y\/o servicios.<\/li><li>La realizaci\u00f3n de estudios internos sobre datos demogr\u00e1ficos, intereses y pautas de comportamiento de los Usuarios.<\/li><\/ul>\n\n\n\n<p><strong>3. UTILIZACI\u00d3N DE COOKIES<\/strong><br>Tallher.com Web&nbsp;podr\u00e1 utilizar \u00abcookies\u00bb cuando el Usuario navega por cualquiera de sus p\u00e1ginas web. Una \u00abcookie\u00bb puede ser definida como un fichero de texto que un sitio web almacena en el disco duro de su ordenador conteniendo informaci\u00f3n relativa al usuario. Una vez que su navegador se cierra, la \u00abcookie\u00bb implantada en el disco duro de su ordenador cesa de funcionar.&nbsp;Tallher.com Web se reserva la facultad de utilizar sus \u00abcookies\u00bb para lograr una mayor efectividad y eficacia de los servicios en-l\u00ednea que presta a los Usuarios. Las ventajas que conlleva la aceptaci\u00f3n de nuestras \u00abcookies\u00bb se traduce en un ahorro de tiempo toda vez que el usuario no tendr\u00e1 que verificar el proceso de registro con car\u00e1cter reiterativo. La ventaja adicional que proporcionan las \u00abcookies\u00bb es que nos permiten rastrear y delimitar sus intereses con el objeto de facilitar su estancia en nuestro sitio web. El usuario tiene la posibilidad de configurar su navegador para ser avisado en pantalla de la recepci\u00f3n de \u00abcookies\u00bb y para impedir la instalaci\u00f3n de \u00abcookies\u00bb en su disco duro. Es importante que si no desea aceptar la implantaci\u00f3n de \u00abcookies\u00bb, no olvide configurar su navegador en tal sentido. Aun cuando configurase su navegador en el sentido de rechazar la aceptaci\u00f3n de \u00abcookies\u00bb, Usted podr\u00e1 navegar en nuestro sitio web siendo el \u00fanico inconveniente la imposibilidad de participar en todos y cada uno de los servicios ofertados.&nbsp;Tallher.com Web no asume responsabilidad alguna en cuanto a las \u00abcookies\u00bb que terceras partes ajenas a nuestros servicios pudieran instalar en el disco duro de su ordenador.<br><br><strong>4. LINKS<\/strong><br>El presente sitio web incluye hiperv\u00ednculos (\u00ablinks\u00bb) que le permiten trasladarse a otras p\u00e1ginas o sitios web.&nbsp;Tallher.com Web no asume responsabilidad alguna en cuanto a la pol\u00edtica de protecci\u00f3n de datos que pudiera haberse adoptado en los mismos, aconsejando a los usuarios indaguen el contenido de la misma. En cualquier caso, los usuarios son plenamente conscientes de que la presente Normativa se aplica \u00fanica y exclusivamente a la informaci\u00f3n recogida en el presente sitio web.<br><br><strong>5. CESI\u00d3N Y\/O COMUNICACI\u00d3N DE INFORMACI\u00d3N<\/strong><br>Tallher.com Web s\u00f3lo ceder\u00e1 Datos de Car\u00e1cter Personal a las empresas de su mismo Grupo Nacional y compa\u00f1\u00edas secundarias para contrastar y valorar nuestros servicios. En aquellos supuestos en los que Tallher.com Web transfiera Datos de Car\u00e1cter Internacional a Compa\u00f1\u00edas del Grupo situadas en pa\u00edses que, de conformidad al art\u00edculo 33 de la Ley de Protecci\u00f3n de Datos:<\/p>\n\n\n\n<ul class=\"wp-block-list\"><li>No proporcionen un nivel de protecci\u00f3n equiparable al que presta la propia legislaci\u00f3n espa\u00f1ola en la materia.<\/li><li>No se incluyan entre las excepciones del art\u00edculo 34 del mismo texto, se obtendr\u00e1 la oportuna autorizaci\u00f3n del Director de la Agencia de Protecci\u00f3n de Datos. En cualquier caso el tratamiento efectuado por estos terceros sobre los Datos de Car\u00e1cter Personal, se limitar\u00e1 al cumplimiento de los mismos fines que para la recogida y tratamiento automatizado de datos de car\u00e1cter personal y para la realizaci\u00f3n de las actividades propias del Grupo Nacional de Venta. Dicha cesi\u00f3n se documentar\u00e1 contractualmente, incluyendo cl\u00e1usulas de salvaguarda de la confidencialidad de los Datos de Car\u00e1cter Personal, con arreglo a las cuales tales Compa\u00f1\u00edas ni retienen, ni ceden, ni comunican los datos en cuesti\u00f3n para finalidades diferentes de las indicadas, asegurando, en todo caso, la eliminaci\u00f3n o destrucci\u00f3n de los que hubieren podido quedar en su poder una vez finalizado la finalidad de la cesi\u00f3n.<\/li><\/ul>\n\n\n\n<p><strong>6. SERVICIO DE PROMOCI\u00d3N DE PRODUCTOS Y SERVICIOS<\/strong><br>Siempre que el Usuario deseara suscribirse a nuestro servicio de promoci\u00f3n deber\u00e1 proporcionar los Datos de Car\u00e1cter Personal que se le requiriesen, en cualquier caso los m\u00ednimos e imprescindibles para el env\u00edo de publicidad, los cuales ser\u00e1n \u00fanicamente utilizados con las finalidades a las que tales servicios responden. En cualquier caso, la publicidad que pudiera recibir a trav\u00e9s del presente sistema ser\u00e1 f\u00e1cilmente identificable como tal. En cualquier momento podr\u00e1 manifestar su voluntad de no recibir publicidad mediante el env\u00edo de una comunicaci\u00f3n en este sentido a la direcci\u00f3n de correo electr\u00f3nico info@tallher.com<br><br><strong>7. MEDIDAS DE SEGURIDAD<\/strong><br>Tallher.com Web&nbsp;garantiza que ha adoptado los niveles de seguridad de protecci\u00f3n de los Datos de Car\u00e1cter Personal legalmente requeridos, y ha instalado todos los medios y medidas t\u00e9cnicas a su alcance para evitar la p\u00e9rdida, mal uso, alteraci\u00f3n, acceso no autorizado y robo de los mismos. Ello no obstante, el Usuario debe ser consciente de que las medidas de seguridad en Internet no son inexpugnables. Siempre y cuando le requiramos que nos facilite informaci\u00f3n relevante (como por ejemplo, su Documento Nacional de Identidad o el n\u00famero de su tarjeta de cr\u00e9dito), esa informaci\u00f3n est\u00e1 sometida a procesos de encriptaci\u00f3n y tecnolog\u00eda \u00absecure sockets layer\u00bb (SSL), con arreglo a los est\u00e1ndares en el mercado verificado, creado y formalizado por VISA-MASTERCARD. La mayor\u00eda de los navegadores existentes aceptan el SSL. No obstante, en caso de duda consulte a su proveedor de acceso a Internet.&nbsp;Los datos que se env\u00eden se transmitir\u00e1n de modo totalmente seguro. El servidor seguro establece una conexi\u00f3n de modo que la informaci\u00f3n se transmita cifrada mediante algoritmos de 128 bits, que aseguran que s\u00f3lo sea inteligible por el remitente y el destinatario. Con el objeto de que estos mecanismos de seguridad puedan desplegar los efectos que les son propios se requiere que el navegador utilizado por el Usuario sea Netscape Navigator 3.0 o superior, o Internet Explorer 3.0 o superior. Con car\u00e1cter adicional hemos incorporado medidas tendentes a garantizar la integridad de los datos y la correcci\u00f3n en su utilizaci\u00f3n. Se ha procedido a la implantaci\u00f3n de un sistema de identificaci\u00f3n y autenticaci\u00f3n, as\u00ed como mecanismos de control del acceso f\u00edsico del personal autorizado. A tal efecto, nuestros empleados disponen de pantallas protegidas mediante sistemas de contrase\u00f1as de acceso debidamente desactivadas siempre que se ausentan de las mismas. A su regreso al puesto de trabajo han de introducir de nuevo la contrase\u00f1a para acceder a la informaci\u00f3n de car\u00e1cter personal. Nuestros empleados han sido entrenados en cuestiones relativas a privacidad y seguridad en el tratamiento dado a los datos. Finalmente, hemos adoptado las medidas organizativas necesarias para asegurar que los servidores en los que se encuentra ubicada f\u00edsicamente la informaci\u00f3n a proteger se ubiquen en locales, debidamente acondicionados, con acceso restringido. No dude en ponerse en contacto con nosotros si tuviese dudas, preguntas, comentarios o sugerencias en materia de seguridad, remiti\u00e9ndolas a trav\u00e9s del correo electr\u00f3nico a&nbsp; <strong><a href=\"mailto:info@tallher.com\">info@tallher.com<\/a><\/strong><\/p>\n\n\n\n<p><strong>8. DERECHOS DE ACCESO, RECTIFICACI\u00d3N Y CANCELACI\u00d3N<\/strong><br>Aquellas personas f\u00edsicas que hayan facilitado sus datos a Tallher.com Web, podr\u00e1n dirigirse a \u00e9sta, como responsable del fichero que contiene sus Datos de Car\u00e1cter Personal, con el fin de poder ejercitar sus derechos de acceso, cancelaci\u00f3n, rectificaci\u00f3n y oposici\u00f3n respecto de los datos incorporados en el fichero. Dado el car\u00e1cter personal\u00edsimo de estos derechos, ser\u00e1 necesario que el afectado acredite su identidad frente a Tallher.com Web, y Tallher.com Web se reserva la facultad de adoptar las medidas que fueren pertinentes con el objeto de verificar su identidad El derecho de acceso, a ejercitar con periodicidad anual, salvo inter\u00e9s leg\u00edtimo acreditado. Al ejercitar el derecho de acceso, el afectado podr\u00e1 optar por uno o varios de los siguientes sistemas de consulta del fichero:<\/p>\n\n\n\n<ul class=\"wp-block-list\"><li>El env\u00edo de un correo electr\u00f3nico a&nbsp;&nbsp;<strong><a href=\"mailto:info@tallher.com\">info@tallher.com<\/a><\/strong><\/li><li>Comunicaci\u00f3n por escrito dirigida a: LOPD &#8211; Tallher.com Web (Autoeines.com (X.Pont Segura)) C\/T.Brianso sole &#8211; &nbsp;25300 TARREGA (L\u00c9RIDA-Espa\u00f1a)<\/li><li>Telef\u00f3nicamente, al siguiente n\u00famero: 636 014 008<\/li><\/ul>\n\n\n\n<p>Una vez que resulte comprobada su identidad,&nbsp;Tallher.com Web proceder\u00e1 a notificarle su decisi\u00f3n en el plazo m\u00e1ximo de un mes. Si fuere en sentido afirmativo, usted podr\u00e1 acceder a la referida informaci\u00f3n en el plazo de los 10 d\u00edas siguientes a su notificaci\u00f3n. Los derechos de rectificaci\u00f3n y cancelaci\u00f3n podr\u00e1n ser ejercitados, con arreglo a las siguientes previsiones, siempre y cuando usted considerase que sus Datos de Car\u00e1cter Personal recogidos en nuestros ficheros son inexactos, incompletos, inadecuados o excesivos. Si tal fuere el caso, podr\u00e1 ejercitarlos a trav\u00e9s de alguno de los medios previstos con anterioridad Una vez verificada su identidad,&nbsp;Tallher.com Web proceder\u00e1 a la rectificaci\u00f3n o cancelaci\u00f3n dentro de los 10 d\u00edas siguientes al de la recepci\u00f3n de su solicitud.<br><br><strong>9. OPCIONES PERSONALES<\/strong><br>En cualquier caso, se informa a los usuarios que no ser\u00e1 posible la cancelaci\u00f3n total de sus datos, salvo que se pretenda la baja l\u00edcita de los mismos, cuando se trate de comunicaciones relativas a nuestros propios servicios, toda vez que en ellas se contiene informaci\u00f3n relevante para el mantenimiento e integridad de la operatividad de nuestro sistema.<br><br><strong>10. CAMBIO DE NORMATIVA<\/strong><br>Tallher.com Web se reserva el derecho de modificar la presente Pol\u00edtica con el objeto da adaptarla a las novedades legislativas o jurisprudenciales as\u00ed como a las que pudieran derivarse de c\u00f3digos tipo existentes en la materia o por motivos estrat\u00e9gicos corporativos. Tales cambios ser\u00e1n comunicados con la antelaci\u00f3n que fuere necesaria en nuestro sitio web, sin perjuicio de reclamar el consentimiento necesario de los afectados cuando \u00e9ste no se considerase otorgado con arreglo a los t\u00e9rminos de la presente Pol\u00edtica. Cualesquiera dudas, preguntas o comentarios que pudiera albergar con referencia a la presente Normativa, no dude en hac\u00e9rnoslas saber dirigiendo su comunicaci\u00f3n al respecto a:&nbsp;&nbsp;<strong><a href=\"mailto:info@tallher.com\">info@tallher.com<\/a><\/strong><\/p>\n","protected":false},"excerpt":{"rendered":"<p>Seg\u00fan la Ley Org\u00e1nica 15\/1999 de 13 de diciembre de Protecci\u00f3n de Datos de car\u00e1cter personal, Autoeines.com (X.Pont Segura) informa que los datos personales facilitados de forma voluntaria al cumplimentar este formulario quedar\u00e1n incorporados de forma confidencial en la base de datos de Autoeines.com (X.Pont Segura) (a partir de ahora, \u00abAutoeines.com Web\u00bb). Cualquier env\u00edo de&#8230; <\/p>\n<div class=\"read-more navbutton\"><a href=\"https:\/\/autoeines.com\/index.php\/privacy-policy\/\">Leer m\u00e1s<i class=\"fa fa-angle-double-right\"><\/i><\/a><\/div>\n","protected":false},"author":1,"featured_media":0,"parent":0,"menu_order":0,"comment_status":"closed","ping_status":"open","template":"","meta":{"footnotes":""},"class_list":["post-3","page","type-page","status-publish","hentry"],"jetpack_sharing_enabled":true,"_links":{"self":[{"href":"https:\/\/autoeines.com\/index.php\/wp-json\/wp\/v2\/pages\/3","targetHints":{"allow":["GET"]}}],"collection":[{"href":"https:\/\/autoeines.com\/index.php\/wp-json\/wp\/v2\/pages"}],"about":[{"href":"https:\/\/autoeines.com\/index.php\/wp-json\/wp\/v2\/types\/page"}],"author":[{"embeddable":true,"href":"https:\/\/autoeines.com\/index.php\/wp-json\/wp\/v2\/users\/1"}],"replies":[{"embeddable":true,"href":"https:\/\/autoeines.com\/index.php\/wp-json\/wp\/v2\/comments?post=3"}],"version-history":[{"count":4,"href":"https:\/\/autoeines.com\/index.php\/wp-json\/wp\/v2\/pages\/3\/revisions"}],"predecessor-version":[{"id":154,"href":"https:\/\/autoeines.com\/index.php\/wp-json\/wp\/v2\/pages\/3\/revisions\/154"}],"wp:attachment":[{"href":"https:\/\/autoeines.com\/index.php\/wp-json\/wp\/v2\/media?parent=3"}],"curies":[{"name":"wp","href":"https:\/\/api.w.org\/{rel}","templated":true}]}}