{"id":51,"date":"2020-04-18T14:43:33","date_gmt":"2020-04-18T14:43:33","guid":{"rendered":"https:\/\/autoeines.com\/?page_id=51"},"modified":"2020-04-28T18:59:17","modified_gmt":"2020-04-28T18:59:17","slug":"videos","status":"publish","type":"page","link":"https:\/\/autoeines.com\/index.php\/videos\/","title":{"rendered":"V\u00eddeos"},"content":{"rendered":"\n<figure class=\"wp-block-embed-youtube wp-block-embed is-type-video is-provider-youtube wp-embed-aspect-16-9 wp-has-aspect-ratio\"><div class=\"wp-block-embed__wrapper\">\n<iframe loading=\"lazy\" title=\"JOCR1600M High pressure common rail tester\" width=\"680\" height=\"383\" src=\"https:\/\/www.youtube.com\/embed\/56MpQpl7tbo?feature=oembed\" frameborder=\"0\" allow=\"accelerometer; autoplay; encrypted-media; gyroscope; picture-in-picture\" allowfullscreen><\/iframe>\n<\/div><figcaption><strong><span class=\"has-inline-color has-very-light-gray-color\">COMPROVADOR PRESSI\u00d3 COMMON-RAIL 2.000 BARS.<\/span><\/strong><\/figcaption><\/figure>\n\n\n\n<figure class=\"wp-block-embed-youtube aligncenter wp-block-embed is-type-video is-provider-youtube wp-embed-aspect-16-9 wp-has-aspect-ratio\"><div class=\"wp-block-embed__wrapper\">\n<iframe loading=\"lazy\" title=\"Maquina de limpieza por ultrasonidos para mec\u00e1nicos\" width=\"680\" height=\"383\" src=\"https:\/\/www.youtube.com\/embed\/tRiRZeZ7apI?feature=oembed\" frameborder=\"0\" allow=\"accelerometer; autoplay; encrypted-media; gyroscope; picture-in-picture\" allowfullscreen><\/iframe>\n<\/div><figcaption><span class=\"has-inline-color has-very-light-gray-color\"><strong>NETEJADORA PER ULTRASONS<\/strong>  <strong>DE<\/strong> <strong>6 I 30 LITRES<\/strong><\/span>.<\/figcaption><\/figure>\n\n\n\n<figure class=\"wp-block-embed-youtube wp-block-embed is-type-video is-provider-youtube wp-embed-aspect-16-9 wp-has-aspect-ratio\"><div class=\"wp-block-embed__wrapper\">\n<iframe loading=\"lazy\" title=\"JOTFP\" width=\"680\" height=\"383\" src=\"https:\/\/www.youtube.com\/embed\/PrvkebnGmw0?feature=oembed\" frameborder=\"0\" allow=\"accelerometer; autoplay; encrypted-media; gyroscope; picture-in-picture\" allowfullscreen><\/iframe>\n<\/div><figcaption><strong><span class=\"has-inline-color has-very-light-gray-color\">COMPROVADOR DIGITAL PRESSI\u00d3 FILTRES DE PART\u00cdCULES.<\/span><\/strong><\/figcaption><\/figure>\n\n\n\n<figure class=\"wp-block-embed-youtube wp-block-embed is-type-video is-provider-youtube wp-embed-aspect-16-9 wp-has-aspect-ratio\"><div class=\"wp-block-embed__wrapper\">\n<iframe loading=\"lazy\" title=\"JOTADBLUE\" width=\"680\" height=\"383\" src=\"https:\/\/www.youtube.com\/embed\/gYRVqXa_-2g?feature=oembed\" frameborder=\"0\" allow=\"accelerometer; autoplay; encrypted-media; gyroscope; picture-in-picture\" allowfullscreen><\/iframe>\n<\/div><figcaption><strong><span class=\"has-inline-color has-very-light-gray-color\">COMPROVADOR DE PRESSI\u00d3 PER BOMBES AD-BLUE.<\/span><\/strong><\/figcaption><\/figure>\n\n\n\n\n\n<figure class=\"wp-block-embed-youtube wp-block-embed is-type-video is-provider-youtube wp-embed-aspect-16-9 wp-has-aspect-ratio\"><div class=\"wp-block-embed__wrapper\">\n<iframe loading=\"lazy\" title=\"JOOSC25K\" width=\"680\" height=\"383\" src=\"https:\/\/www.youtube.com\/embed\/We9oYhVs5no?feature=oembed\" frameborder=\"0\" allow=\"accelerometer; autoplay; encrypted-media; gyroscope; picture-in-picture\" allowfullscreen><\/iframe>\n<\/div><figcaption><strong><span class=\"has-inline-color has-very-light-gray-color\">OSCIL\u00b7LOSCOPI  DIGITAL DE 2 CANALS.<\/span><\/strong><\/figcaption><\/figure>\n\n\n\n<p><\/p>\n\n\n\n\n\n<figure class=\"wp-block-embed-youtube wp-block-embed is-type-video is-provider-youtube wp-embed-aspect-16-9 wp-has-aspect-ratio\"><div class=\"wp-block-embed__wrapper\">\n<iframe loading=\"lazy\" title=\"Comprobador de turbo digital Jomatec JOCTD - Turbo tester\" width=\"680\" height=\"383\" src=\"https:\/\/www.youtube.com\/embed\/4yvQ8GuqZXA?feature=oembed\" frameborder=\"0\" allow=\"accelerometer; autoplay; encrypted-media; gyroscope; picture-in-picture\" allowfullscreen><\/iframe>\n<\/div><figcaption><strong><span class=\"has-inline-color has-very-light-gray-color\">COMPROVADOR DIGITAL DE TURBOS TURISMES I VEH. IND.<\/span><\/strong><\/figcaption><\/figure>\n\n\n\n<figure class=\"wp-block-embed-youtube wp-block-embed is-type-video is-provider-youtube wp-embed-aspect-16-9 wp-has-aspect-ratio\"><div class=\"wp-block-embed__wrapper\">\n<iframe loading=\"lazy\" title=\"JOCOMPD Digital compression tester\" width=\"680\" height=\"383\" src=\"https:\/\/www.youtube.com\/embed\/tQWUjFEN50A?feature=oembed\" frameborder=\"0\" allow=\"accelerometer; autoplay; encrypted-media; gyroscope; picture-in-picture\" allowfullscreen><\/iframe>\n<\/div><figcaption><strong><span class=\"has-inline-color has-very-light-gray-color\">KIT COMPRESIMETRE GASOLINA\/DIESEL DIGITAL COMPLERT.<\/span><\/strong><\/figcaption><\/figure>\n\n\n\n\n\n\n\n\n\n<p><\/p>\n","protected":false},"excerpt":{"rendered":"<p>COMPROVADOR PRESSI\u00d3 COMMON-RAIL 2.000 BARS. NETEJADORA PER ULTRASONS DE 6 I 30 LITRES. COMPROVADOR DIGITAL PRESSI\u00d3 FILTRES DE PART\u00cdCULES. COMPROVADOR DE PRESSI\u00d3 PER BOMBES AD-BLUE. OSCIL\u00b7LOSCOPI DIGITAL DE 2 CANALS. COMPROVADOR DIGITAL DE TURBOS TURISMES I VEH. IND. KIT COMPRESIMETRE GASOLINA\/DIESEL DIGITAL COMPLERT.<\/p>\n","protected":false},"author":1,"featured_media":0,"parent":0,"menu_order":0,"comment_status":"closed","ping_status":"closed","template":"","meta":{"footnotes":""},"class_list":["post-51","page","type-page","status-publish","hentry"],"jetpack_sharing_enabled":true,"_links":{"self":[{"href":"https:\/\/autoeines.com\/index.php\/wp-json\/wp\/v2\/pages\/51","targetHints":{"allow":["GET"]}}],"collection":[{"href":"https:\/\/autoeines.com\/index.php\/wp-json\/wp\/v2\/pages"}],"about":[{"href":"https:\/\/autoeines.com\/index.php\/wp-json\/wp\/v2\/types\/page"}],"author":[{"embeddable":true,"href":"https:\/\/autoeines.com\/index.php\/wp-json\/wp\/v2\/users\/1"}],"replies":[{"embeddable":true,"href":"https:\/\/autoeines.com\/index.php\/wp-json\/wp\/v2\/comments?post=51"}],"version-history":[{"count":28,"href":"https:\/\/autoeines.com\/index.php\/wp-json\/wp\/v2\/pages\/51\/revisions"}],"predecessor-version":[{"id":334,"href":"https:\/\/autoeines.com\/index.php\/wp-json\/wp\/v2\/pages\/51\/revisions\/334"}],"wp:attachment":[{"href":"https:\/\/autoeines.com\/index.php\/wp-json\/wp\/v2\/media?parent=51"}],"curies":[{"name":"wp","href":"https:\/\/api.w.org\/{rel}","templated":true}]}}